{"id":456,"date":"2018-07-02T13:57:13","date_gmt":"2018-07-02T13:57:13","guid":{"rendered":"http:\/\/nyecc.flywheelsites.com\/?page_id=456"},"modified":"2026-03-20T10:00:20","modified_gmt":"2026-03-20T17:00:20","slug":"employment","status":"publish","type":"page","link":"https:\/\/nyecc.org\/es\/employment\/","title":{"rendered":"EMPLOYMENT"},"content":{"rendered":"<div data-elementor-type=\"wp-post\" data-elementor-id=\"456\" class=\"elementor elementor-456\" data-elementor-post-type=\"page\">\n\t\t\t\t \n\n\t\t<script type=\"text\/javascript\">\n\t\t\tjQuery(document).ready(function() {\n\t\t\t\tjQuery(\".elementor-element-2c81e54d[data-ae_slider=default]\").prepend('<div class=\"aepro-section-bs\"><div class=\"aepro-section-bs-inner cover-true\"><\/div><\/div>');\n\t\t\t\tjQuery(\".elementor-element-2c81e54d[data-ae_slider=default]\").children('.aepro-section-bs').children('.aepro-section-bs-inner').attr('data-aepro-bg-slider', JSON.stringify( {\"slides\":[{\"src\":\"https:\\\/\\\/nyecc.org\\\/wp-content\\\/uploads\\\/2018\\\/07\\\/nv-hwy.jpg\"}],\"transition\":\"fade\",\"animation\":\"\",\"overlay\":\"https:\\\/\\\/nyecc.org\\\/wp-content\\\/plugins\\\/anywhere-elementor-pro\\\/includes\\\/assets\\\/lib\\\/vegas\\\/overlays\\\/01.png\",\"custom_overlay\":\"\",\"cover\":\"true\",\"delay\":\"5000\",\"timer\":true}));\n\t\t\t});\n\t\t<\/script>\n\t\t\t\t<section class=\"has_ae_slider elementor-section elementor-top-section elementor-element elementor-element-2c81e54d elementor-section-stretched elementor-section-full_width elementor-section-height-min-height elementor-section-content-middle elementor-hidden-phone elementor-section-height-default elementor-section-items-middle ae-bg-gallery-type-default\" data-ae_slider=\"default\" data-id=\"2c81e54d\" data-element_type=\"section\" data-settings=\"{&quot;stretch_section&quot;:&quot;section-stretched&quot;,&quot;background_background&quot;:&quot;classic&quot;}\">\n\t\t\t\t\t\t\t<div class=\"elementor-background-overlay\"><\/div>\n\t\t\t\t\t\t\t<div class=\"elementor-container elementor-column-gap-default\">\n\t\t\t\t\t<div class=\"has_ae_slider elementor-column elementor-col-100 elementor-top-column elementor-element elementor-element-20e1a672 ae-bg-gallery-type-default\" data-id=\"20e1a672\" data-element_type=\"column\">\n\t\t\t<div class=\"elementor-widget-wrap elementor-element-populated\">\n\t\t\t\t\t\t<div class=\"elementor-element elementor-element-572c5346 elementor-widget elementor-widget-heading\" data-id=\"572c5346\" data-element_type=\"widget\" data-widget_type=\"heading.default\">\n\t\t\t\t<div class=\"elementor-widget-container\">\n\t\t\t\t\t<h1 class=\"elementor-heading-title elementor-size-xxl\">EMPLOYMENT<\/h1>\t\t\t\t<\/div>\n\t\t\t\t<\/div>\n\t\t\t\t\t<\/div>\n\t\t<\/div>\n\t\t\t\t\t<\/div>\n\t\t<\/section>\n\t\t\t\t<section class=\"has_ae_slider elementor-section elementor-top-section elementor-element elementor-element-80671ba elementor-section-boxed elementor-section-height-default elementor-section-height-default ae-bg-gallery-type-default\" data-id=\"80671ba\" data-element_type=\"section\">\n\t\t\t\t\t\t<div class=\"elementor-container elementor-column-gap-default\">\n\t\t\t\t\t<div class=\"has_ae_slider elementor-column elementor-col-100 elementor-top-column elementor-element elementor-element-b980657 ae-bg-gallery-type-default\" data-id=\"b980657\" data-element_type=\"column\">\n\t\t\t<div class=\"elementor-widget-wrap elementor-element-populated\">\n\t\t\t\t\t\t<div class=\"elementor-element elementor-element-906d16b elementor-widget elementor-widget-text-editor\" data-id=\"906d16b\" data-element_type=\"widget\" data-widget_type=\"text-editor.default\">\n\t\t\t\t<div class=\"elementor-widget-container\">\n\t\t\t\t\t\t\t\t\t<p>From time to time the NyE Communities Coalition may have openings for employment. NyECC will list employment opportunities as they become available.<\/p>\n<p>Check these positions for Description and Qualifications:<\/p>\n<p><span style=\"text-decoration: underline;\"><strong>Pahrump:<\/strong><\/span><strong style=\"font-size: 15px;\">&nbsp;<\/strong><\/p>\n<p><span style=\"font-size: 15px; font-style: normal; font-weight: 400;\">Apply in the Resource Room @NyECC. Call 775-727-9970 for more information.<\/span><\/p>\n<p><u><b>Tonopah:<\/b><\/u><\/p>\n<p><span style=\"font-size: 15px;\">Apply in the Resource Room @NyECC in Tonopah. Call 775-727-9970 for more information.<\/span><\/p>\n<p><u><b>Lincoln:<\/b><\/u><\/p>\n<p><br><\/p>\t\t\t\t\t\t\t\t<\/div>\n\t\t\t\t<\/div>\n\t\t\t\t<div class=\"elementor-element elementor-element-c5449f4 elementor-widget elementor-widget-text-editor\" data-id=\"c5449f4\" data-element_type=\"widget\" data-widget_type=\"text-editor.default\">\n\t\t\t\t<div class=\"elementor-widget-container\">\n\t\t\t\t\t\t\t\t\t<p><span style=\"font-size: 15px;\">La oficina de EmployNV Career Hub se encuentra en 1020 E. Wilson Road, Pahrump, NV 89048 (Tel. 775.727.9970) y cuenta con una sala de ordenadores donde se publican a diario ofertas de empleo locales.<\/span><\/p><p>El centro de orientaci\u00f3n profesional EmployNV de NyECC ofrece cada semana clases sobre c\u00f3mo vestirse para triunfar y c\u00f3mo redactar un curr\u00edculum, con tutor\u00edas disponibles para quienes necesiten un poco de ayuda para perfeccionar sus habilidades.<\/p>\t\t\t\t\t\t\t\t<\/div>\n\t\t\t\t<\/div>\n\t\t\t\t<div class=\"elementor-element elementor-element-7aed853 elementor-widget__width-initial elementor-widget elementor-widget-image\" data-id=\"7aed853\" data-element_type=\"widget\" data-widget_type=\"image.default\">\n\t\t\t\t<div class=\"elementor-widget-container\">\n\t\t\t\t\t\t\t\t\t\t\t\t\t\t\t<img decoding=\"async\" src=\"https:\/\/nyecc.org\/wp-content\/uploads\/2026\/03\/EmployNV.png\" title=\"EmployNV\" alt=\"EmployNV\" loading=\"lazy\" \/>\t\t\t\t\t\t\t\t\t\t\t\t\t\t\t<\/div>\n\t\t\t\t<\/div>\n\t\t\t\t\t<\/div>\n\t\t<\/div>\n\t\t\t\t\t<\/div>\n\t\t<\/section>\n\t\t\t\t<\/div>","protected":false},"excerpt":{"rendered":"<p>From time to time the NyE Communities Coalition may have openings for employment. NyECC will list employment opportunities as they become available. Check these positions for Description and Qualifications: Pahrump:&nbsp; Apply in the Resource Room @NyECC. Call 775-727-9970 for more information. Tonopah: Apply in the Resource Room @NyECC in Tonopah. Call 775-727-9970 for more information. [&hellip;]<\/p>","protected":false},"author":1,"featured_media":0,"parent":0,"menu_order":0,"comment_status":"closed","ping_status":"closed","template":"","meta":{"_seopress_robots_primary_cat":"","_seopress_titles_title":"","_seopress_titles_desc":"","_seopress_robots_index":"","site-sidebar-layout":"no-sidebar","site-content-layout":"plain-container","ast-site-content-layout":"default","site-content-style":"default","site-sidebar-style":"default","ast-global-header-display":"","ast-banner-title-visibility":"","ast-main-header-display":"","ast-hfb-above-header-display":"","ast-hfb-below-header-display":"","ast-hfb-mobile-header-display":"","site-post-title":"disabled","ast-breadcrumbs-content":"","ast-featured-img":"disabled","footer-sml-layout":"","ast-disable-related-posts":"","theme-transparent-header-meta":"default","adv-header-id-meta":"","stick-header-meta":"default","header-above-stick-meta":"","header-main-stick-meta":"","header-below-stick-meta":"","astra-migrate-meta-layouts":"default","ast-page-background-enabled":"default","ast-page-background-meta":{"desktop":{"background-color":"","background-image":"","background-repeat":"repeat","background-position":"center center","background-size":"auto","background-attachment":"scroll","background-type":"","background-media":"","overlay-type":"","overlay-color":"","overlay-opacity":"","overlay-gradient":""},"tablet":{"background-color":"","background-image":"","background-repeat":"repeat","background-position":"center center","background-size":"auto","background-attachment":"scroll","background-type":"","background-media":"","overlay-type":"","overlay-color":"","overlay-opacity":"","overlay-gradient":""},"mobile":{"background-color":"","background-image":"","background-repeat":"repeat","background-position":"center center","background-size":"auto","background-attachment":"scroll","background-type":"","background-media":"","overlay-type":"","overlay-color":"","overlay-opacity":"","overlay-gradient":""}},"ast-content-background-meta":{"desktop":{"background-color":"var(--ast-global-color-5)","background-image":"","background-repeat":"repeat","background-position":"center center","background-size":"auto","background-attachment":"scroll","background-type":"","background-media":"","overlay-type":"","overlay-color":"","overlay-opacity":"","overlay-gradient":""},"tablet":{"background-color":"var(--ast-global-color-5)","background-image":"","background-repeat":"repeat","background-position":"center center","background-size":"auto","background-attachment":"scroll","background-type":"","background-media":"","overlay-type":"","overlay-color":"","overlay-opacity":"","overlay-gradient":""},"mobile":{"background-color":"var(--ast-global-color-5)","background-image":"","background-repeat":"repeat","background-position":"center center","background-size":"auto","background-attachment":"scroll","background-type":"","background-media":"","overlay-type":"","overlay-color":"","overlay-opacity":"","overlay-gradient":""}},"footnotes":""},"class_list":["post-456","page","type-page","status-publish","hentry"],"_links":{"self":[{"href":"https:\/\/nyecc.org\/es\/wp-json\/wp\/v2\/pages\/456","targetHints":{"allow":["GET"]}}],"collection":[{"href":"https:\/\/nyecc.org\/es\/wp-json\/wp\/v2\/pages"}],"about":[{"href":"https:\/\/nyecc.org\/es\/wp-json\/wp\/v2\/types\/page"}],"author":[{"embeddable":true,"href":"https:\/\/nyecc.org\/es\/wp-json\/wp\/v2\/users\/1"}],"replies":[{"embeddable":true,"href":"https:\/\/nyecc.org\/es\/wp-json\/wp\/v2\/comments?post=456"}],"version-history":[{"count":3,"href":"https:\/\/nyecc.org\/es\/wp-json\/wp\/v2\/pages\/456\/revisions"}],"predecessor-version":[{"id":88164,"href":"https:\/\/nyecc.org\/es\/wp-json\/wp\/v2\/pages\/456\/revisions\/88164"}],"wp:attachment":[{"href":"https:\/\/nyecc.org\/es\/wp-json\/wp\/v2\/media?parent=456"}],"curies":[{"name":"wp","href":"https:\/\/api.w.org\/{rel}","templated":true}]}}